{"id":661,"date":"2020-04-08T11:38:21","date_gmt":"2020-04-08T09:38:21","guid":{"rendered":"http:\/\/www.agriturismolegiarine.it\/?page_id=661"},"modified":"2024-06-19T15:10:58","modified_gmt":"2024-06-19T13:10:58","slug":"i-nostri-vini","status":"publish","type":"page","link":"http:\/\/www.agriturismolegiarine.it\/index.php\/i-nostri-vini\/","title":{"rendered":"I nostri vini"},"content":{"rendered":"\n<p>I vigneti si trovano nell\u2019area di produzione dell\u2019ISONZO FRIULI DOC, in provincia di Gorizia, lungo la valle del fiume Isonzo, in un territorio pianeggiante calcareo di ghiaie bianche frammiste a sabbie.<\/p>\n\n\n\n<p>I vigneti vengono lavorati meccanicamente sotto la pianta senza utilizzare diserbanti per non intaccare la linfa della vite ed evitare l\u2019erosione del terreno.<\/p>\n\n\n\n<p>La vendemmia viene ancora eseguita manualmente, consentendo la cernita dell\u2019uva gi\u00e0 al momento della raccolta.<\/p>\n\n\n\n<p>I bianchi si ottengono da uve selezionate che vengono sottoposte ad una pressatura estremamente soffice dopo essere state diraspate. Il mosto cos\u00ec ottenuto viene mantenuto a basse temperature, perci\u00f2 aromi e profumi varietali mantengono integrit\u00e0 e pienezza.<\/p>\n\n\n\n<p>Per i rossi il processo di macerazione e fermentazione delle uve avviene a contatto delle bucce e ha durata variabile dai 7 ai 9 giorni.<\/p>\n\n\n\n<p>L\u2019affinamento viene fatto sia nei serbatoi di acciaio che in tonneau<\/p>\n\n\n\n<p>La rosa di vini prodotti, nel rispetto delle vecchie tradizioni e con l\u2019ausilio delle moderne tecnologie, comprende vini bianchi, vini rossi e spumanti.<\/p>\n\n\n\n<p>Possibile, per gli ospiti, prenotare una visita in cantina.<\/p>\n","protected":false},"excerpt":{"rendered":"<p>I vigneti si trovano nell\u2019area di produzione dell\u2019ISONZO FRIULI DOC, in provincia di Gorizia, lungo la valle del fiume Isonzo, in un territorio pianeggiante calcareo di ghiaie bianche frammiste a sabbie. I vigneti vengono lavorati meccanicamente sotto la pianta senza utilizzare diserbanti per non intaccare la linfa della vite ed evitare l\u2019erosione del terreno. La [&hellip;]<\/p>\n","protected":false},"author":2,"featured_media":0,"parent":0,"menu_order":0,"comment_status":"closed","ping_status":"closed","template":"","meta":{"footnotes":""},"tags":[],"class_list":["post-661","page","type-page","status-publish","hentry"],"jetpack_sharing_enabled":true,"_links":{"self":[{"href":"http:\/\/www.agriturismolegiarine.it\/index.php\/wp-json\/wp\/v2\/pages\/661","targetHints":{"allow":["GET"]}}],"collection":[{"href":"http:\/\/www.agriturismolegiarine.it\/index.php\/wp-json\/wp\/v2\/pages"}],"about":[{"href":"http:\/\/www.agriturismolegiarine.it\/index.php\/wp-json\/wp\/v2\/types\/page"}],"author":[{"embeddable":true,"href":"http:\/\/www.agriturismolegiarine.it\/index.php\/wp-json\/wp\/v2\/users\/2"}],"replies":[{"embeddable":true,"href":"http:\/\/www.agriturismolegiarine.it\/index.php\/wp-json\/wp\/v2\/comments?post=661"}],"version-history":[{"count":5,"href":"http:\/\/www.agriturismolegiarine.it\/index.php\/wp-json\/wp\/v2\/pages\/661\/revisions"}],"predecessor-version":[{"id":932,"href":"http:\/\/www.agriturismolegiarine.it\/index.php\/wp-json\/wp\/v2\/pages\/661\/revisions\/932"}],"wp:attachment":[{"href":"http:\/\/www.agriturismolegiarine.it\/index.php\/wp-json\/wp\/v2\/media?parent=661"}],"wp:term":[{"taxonomy":"post_tag","embeddable":true,"href":"http:\/\/www.agriturismolegiarine.it\/index.php\/wp-json\/wp\/v2\/tags?post=661"}],"curies":[{"name":"wp","href":"https:\/\/api.w.org\/{rel}","templated":true}]}}